{"id":5,"date":"2016-07-18T14:19:59","date_gmt":"2016-07-18T13:19:59","guid":{"rendered":"http:\/\/vlan.cool\/?page_id=5"},"modified":"2021-09-10T10:11:28","modified_gmt":"2021-09-10T09:11:28","slug":"une-ville","status":"publish","type":"page","link":"https:\/\/vlan.cool\/index.php\/une-ville\/","title":{"rendered":"Polorro\u00efde"},"content":{"rendered":"<h5 style=\"text-align: center;\"><\/h5>\n<h3 style=\"text-align: center;\">Des habitants, des touristes, des passants, des chiens et des enfants.<\/h3>\n<p style=\"text-align: left;\">L&rsquo;id\u00e9e, c&rsquo;est d&rsquo;aller causer avec des gens, sur des places, dans des parcs, et leur proposer de passer 5 minutes avec eux comme \u00e7a, pour rien, pour discuter et les photographier.<\/p>\n<p><img loading=\"lazy\" class=\"alignleft size-full wp-image-1073\" src=\"http:\/\/vlan.cool\/wp-content\/uploads\/POLO\/5.jpg\" alt=\"\" width=\"1000\" height=\"1500\" srcset=\"https:\/\/vlan.cool\/wp-content\/uploads\/POLO\/5.jpg 1000w, https:\/\/vlan.cool\/wp-content\/uploads\/POLO\/5-200x300.jpg 200w, https:\/\/vlan.cool\/wp-content\/uploads\/POLO\/5-768x1152.jpg 768w, https:\/\/vlan.cool\/wp-content\/uploads\/POLO\/5-683x1024.jpg 683w, https:\/\/vlan.cool\/wp-content\/uploads\/POLO\/5-333x500.jpg 333w, https:\/\/vlan.cool\/wp-content\/uploads\/POLO\/5-533x800.jpg 533w, https:\/\/vlan.cool\/wp-content\/uploads\/POLO\/5-853x1280.jpg 853w\" sizes=\"(max-width: 1000px) 100vw, 1000px\" \/><\/p>\n<p style=\"text-align: left;\">L&rsquo;appareil a \u00e9t\u00e9 grossi\u00e8rement fabriqu\u00e9 en mai 2016 avec des bouts de trucs et des morceaux de machins, sur le modele de l&rsquo;afghan box.<br \/>\nLes premiers essais se sont fait dans la foul\u00e9e, dans la Meuse en mai lors d&rsquo;une r\u00e9sidence de pseudos\u00a0artistes et dans la Drome en juin.<\/p>\n<p style=\"text-align: left;\">Faire un portrait, m\u00eame instantan\u00e9, c&rsquo;est prendre le temps.<\/p>\n<p><img loading=\"lazy\" class=\"alignleft size-full wp-image-1120\" src=\"http:\/\/vlan.cool\/wp-content\/uploads\/POLO\/Poloroide.jpg\" alt=\"\" width=\"900\" height=\"560\" srcset=\"https:\/\/vlan.cool\/wp-content\/uploads\/POLO\/Poloroide.jpg 900w, https:\/\/vlan.cool\/wp-content\/uploads\/POLO\/Poloroide-300x187.jpg 300w, https:\/\/vlan.cool\/wp-content\/uploads\/POLO\/Poloroide-768x478.jpg 768w, https:\/\/vlan.cool\/wp-content\/uploads\/POLO\/Poloroide-500x311.jpg 500w, https:\/\/vlan.cool\/wp-content\/uploads\/POLO\/Poloroide-800x498.jpg 800w\" sizes=\"(max-width: 900px) 100vw, 900px\" \/><\/p>\n<p style=\"text-align: center;\">#Fotografo minutero \/ #Afghan Box \/ #Cartophote<\/p>\n","protected":false},"excerpt":{"rendered":"<p>Des habitants, des touristes, des passants, des chiens et des enfants. L&rsquo;id\u00e9e, c&rsquo;est d&rsquo;aller causer avec des gens, sur des places, dans des parcs, et leur proposer de passer 5 [&hellip;]<\/p>\n","protected":false},"author":1,"featured_media":57,"parent":0,"menu_order":0,"comment_status":"closed","ping_status":"closed","template":"","meta":{"_mi_skip_tracking":false,"_exactmetrics_sitenote_active":false,"_exactmetrics_sitenote_note":"","_exactmetrics_sitenote_category":0,"_vp_format_video_url":"","_vp_image_focal_point":[]},"_links":{"self":[{"href":"https:\/\/vlan.cool\/index.php\/wp-json\/wp\/v2\/pages\/5"}],"collection":[{"href":"https:\/\/vlan.cool\/index.php\/wp-json\/wp\/v2\/pages"}],"about":[{"href":"https:\/\/vlan.cool\/index.php\/wp-json\/wp\/v2\/types\/page"}],"author":[{"embeddable":true,"href":"https:\/\/vlan.cool\/index.php\/wp-json\/wp\/v2\/users\/1"}],"replies":[{"embeddable":true,"href":"https:\/\/vlan.cool\/index.php\/wp-json\/wp\/v2\/comments?post=5"}],"version-history":[{"count":58,"href":"https:\/\/vlan.cool\/index.php\/wp-json\/wp\/v2\/pages\/5\/revisions"}],"predecessor-version":[{"id":2483,"href":"https:\/\/vlan.cool\/index.php\/wp-json\/wp\/v2\/pages\/5\/revisions\/2483"}],"wp:featuredmedia":[{"embeddable":true,"href":"https:\/\/vlan.cool\/index.php\/wp-json\/wp\/v2\/media\/57"}],"wp:attachment":[{"href":"https:\/\/vlan.cool\/index.php\/wp-json\/wp\/v2\/media?parent=5"}],"curies":[{"name":"wp","href":"https:\/\/api.w.org\/{rel}","templated":true}]}}